{"id":1704,"date":"2022-03-29T11:13:00","date_gmt":"2022-03-29T09:13:00","guid":{"rendered":"https:\/\/balidivecenter.com\/?page_id=1704"},"modified":"2022-03-30T05:28:59","modified_gmt":"2022-03-30T03:28:59","slug":"cookie-richtlinie","status":"publish","type":"page","link":"https:\/\/balidivecenter.com\/en\/cookie-richtlinie\/","title":{"rendered":"| Cookie-Guidline"},"content":{"rendered":"<div class=\"fusion-fullwidth fullwidth-box fusion-builder-row-1 fusion-flex-container nonhundred-percent-fullwidth non-hundred-percent-height-scrolling\" style=\"--awb-border-radius-top-left:0px;--awb-border-radius-top-right:0px;--awb-border-radius-bottom-right:0px;--awb-border-radius-bottom-left:0px;--awb-padding-top-small:0px;--awb-padding-right-small:20px;--awb-padding-left-small:20px;--awb-margin-top-small:0px;--awb-min-height:250px;--awb-flex-wrap:wrap;\" id=\"intro\" ><div class=\"fusion-builder-row fusion-row fusion-flex-align-items-flex-start fusion-flex-content-wrap\" style=\"max-width:1248px;margin-left: calc(-4% \/ 2 );margin-right: calc(-4% \/ 2 );\"><div class=\"fusion-layout-column fusion_builder_column fusion-builder-column-0 fusion_builder_column_1_1 1_1 fusion-flex-column\" style=\"--awb-bg-size:cover;--awb-width-large:100%;--awb-margin-top-large:0px;--awb-spacing-right-large:1.92%;--awb-margin-bottom-large:20px;--awb-spacing-left-large:1.92%;--awb-width-medium:100%;--awb-order-medium:0;--awb-spacing-right-medium:1.92%;--awb-spacing-left-medium:1.92%;--awb-width-small:100%;--awb-order-small:0;--awb-spacing-right-small:1.92%;--awb-spacing-left-small:1.92%;\"><div class=\"fusion-column-wrapper fusion-column-has-shadow fusion-flex-justify-content-flex-start fusion-content-layout-column\"><\/div><\/div><\/div><\/div><div class=\"fusion-fullwidth fullwidth-box fusion-builder-row-2 fusion-flex-container nonhundred-percent-fullwidth non-hundred-percent-height-scrolling\" style=\"--awb-border-radius-top-left:0px;--awb-border-radius-top-right:0px;--awb-border-radius-bottom-right:0px;--awb-border-radius-bottom-left:0px;--awb-padding-right-small:20px;--awb-padding-left-small:20px;--awb-margin-bottom-small:60px;--awb-flex-wrap:wrap;\" ><div class=\"fusion-builder-row fusion-row fusion-flex-align-items-flex-start fusion-flex-content-wrap\" style=\"max-width:1248px;margin-left: calc(-4% \/ 2 );margin-right: calc(-4% \/ 2 );\"><div class=\"fusion-layout-column fusion_builder_column fusion-builder-column-1 fusion_builder_column_1_1 1_1 fusion-flex-column\" style=\"--awb-padding-right-small:0px;--awb-padding-left-small:0px;--awb-bg-blend:overlay;--awb-bg-size:cover;--awb-width-large:100%;--awb-margin-top-large:0px;--awb-spacing-right-large:3.84%;--awb-margin-bottom-large:0px;--awb-spacing-left-large:3.84%;--awb-width-medium:100%;--awb-spacing-right-medium:1.92%;--awb-spacing-left-medium:1.92%;--awb-width-small:100%;--awb-spacing-right-small:1.92%;--awb-spacing-left-small:1.92%;\"><div class=\"fusion-column-wrapper fusion-flex-justify-content-flex-start fusion-content-layout-column\"><div class=\"fusion-title title fusion-title-1 fusion-title-text fusion-title-size-one\" style=\"--awb-margin-top-small:0px;--awb-margin-right-small:0px;--awb-margin-bottom-small:20px;--awb-margin-left-small:0px;\"><div class=\"title-sep-container title-sep-container-left fusion-no-large-visibility fusion-no-medium-visibility fusion-no-small-visibility\"><div class=\"title-sep sep- sep-solid\" style=\"border-color:var(--awb-color3);\"><\/div><\/div><span class=\"awb-title-spacer fusion-no-large-visibility fusion-no-medium-visibility fusion-no-small-visibility\"><\/span><h1 class=\"fusion-title-heading title-heading-left fusion-responsive-typography-calculated\" style=\"margin:0;--fontSize:65;line-height:var(--awb-typography1-line-height);\">| Cookie-Guidline<\/h1><span class=\"awb-title-spacer\"><\/span><div class=\"title-sep-container title-sep-container-right\"><div class=\"title-sep sep- sep-solid\" style=\"border-color:var(--awb-color3);\"><\/div><\/div><\/div><div class=\"fusion-text fusion-text-1\"><\/p>\n<h4 class=\"fusion-responsive-typography-calculated wp-block-heading\" style=\"--fontsize: 30; line-height: 1.4;\" data-fontsize=\"30\" data-lineheight=\"42px\"><span style=\"color: var(--h4_typography-color); font-family: var(--h4_typography-font-family); font-size: var(--h4_typography-font-size); font-style: var(--h4_typography-font-style,normal); font-weight: var(--h4_typography-font-weight); letter-spacing: var(--h4_typography-letter-spacing); background-color: rgba(255, 255, 255, 0);\">Reichweitenmessung &amp; Cookies<\/span><\/h4>\n<p>Diese Website verwendet Cookies zur pseudonymisierten Reichweitenmessung, die entweder von unserem Server oder dem Server Dritter an den Browser des Nutzers \u00fcbertragen werden. Bei Cookies handelt es sich um kleine Dateien, welche auf Ihrem Endger\u00e4t gespeichert werden. Ihr Browser greift auf diese Dateien zu. Durch den Einsatz von Cookies erh\u00f6ht sich die Benutzerfreundlichkeit und Sicherheit dieser Website.<\/p>\n<p>Falls Sie nicht m\u00f6chten, dass Cookies zur Reichweitenmessung auf Ihrem Endger\u00e4t gespeichert werden, k\u00f6nnen Sie dem Einsatz dieser Dateien hier widersprechen:<\/p>\n<p>Klicke hier, um Deine Zustimmung zu widerrufen<\/p>\n<a href=\"#\" class=\"cn-revoke-cookie cn-button-inline cn-revoke-inline cookie-consent-btn\" title=\"revoke consent\">revoke consent<\/a>\n<ul>\n<li>Cookie-Deaktivierungsseite der Netzwerkwerbeinitiative: <u><a href=\"http:\/\/optout.networkadvertising.org\/?c=1#!\/\">http:\/\/optout.networkadvertising.org\/?c=1#!\/<\/a><\/u><\/li>\n<li>Cookie-Deaktivierungsseite der US-amerikanischen Website: <u><a href=\"http:\/\/optout.aboutads.info\/?c=2#!\/\">http:\/\/optout.aboutads.info\/?c=2#!\/<\/a><\/u><\/li>\n<li>Cookie-Deaktivierungsseite der europ\u00e4ischen Website: <u><a href=\"http:\/\/optout.networkadvertising.org\/?c=1#!\/\">http:\/\/optout.networkadvertising.org\/?c=1#!\/<\/a><\/u><\/li>\n<\/ul>\n<p>G\u00e4ngige Browser bieten die Einstellungsoption, Cookies nicht zuzulassen.<\/p>\n<p><u>Hinweis:<\/u> Es ist nicht gew\u00e4hrleistet, dass Sie auf alle Funktionen dieser Website ohne Einschr\u00e4nkungen zugreifen k\u00f6nnen, wenn Sie entsprechende Einstellungen vornehmen.<\/p>\n<p>&nbsp;<\/p>\n<h4 class=\"fusion-responsive-typography-calculated\" style=\"--fontsize: 30; line-height: 1.4;\" data-fontsize=\"30\" data-lineheight=\"42px\">\u00a0<\/h4><\/p>\n<\/div><\/div><\/div><\/div><\/div>","protected":false},"excerpt":{"rendered":"","protected":false},"author":1,"featured_media":0,"parent":0,"menu_order":0,"comment_status":"closed","ping_status":"open","template":"","meta":{"footnotes":""},"class_list":["post-1704","page","type-page","status-publish","hentry"],"yoast_head":"<!-- This site is optimized with the Yoast SEO plugin v27.4 - https:\/\/yoast.com\/product\/yoast-seo-wordpress\/ -->\n<title>Cookie-Richtlinie - North Bali Dive Center &amp; Beach Cottages<\/title>\n<meta name=\"robots\" content=\"noindex, nofollow\" \/>\n<meta property=\"og:locale\" content=\"en_GB\" \/>\n<meta property=\"og:type\" content=\"article\" \/>\n<meta property=\"og:title\" content=\"Cookie-Richtlinie - North Bali Dive Center &amp; Beach Cottages\" \/>\n<meta property=\"og:url\" content=\"https:\/\/balidivecenter.com\/en\/cookie-richtlinie\/\" \/>\n<meta property=\"og:site_name\" content=\"North Bali Dive Center &amp; Beach Cottages\" \/>\n<meta property=\"article:publisher\" content=\"https:\/\/www.facebook.com\/balidivecenter\" \/>\n<meta property=\"article:modified_time\" content=\"2022-03-30T03:28:59+00:00\" \/>\n<meta name=\"twitter:card\" content=\"summary_large_image\" \/>\n<meta name=\"twitter:label1\" content=\"Estimated reading time\" \/>\n\t<meta name=\"twitter:data1\" content=\"4 minutes\" \/>\n<script type=\"application\/ld+json\" class=\"yoast-schema-graph\">{\"@context\":\"https:\\\/\\\/schema.org\",\"@graph\":[{\"@type\":\"WebPage\",\"@id\":\"https:\\\/\\\/balidivecenter.com\\\/cookie-richtlinie\\\/\",\"url\":\"https:\\\/\\\/balidivecenter.com\\\/cookie-richtlinie\\\/\",\"name\":\"Cookie-Richtlinie - North Bali Dive Center &amp; Beach Cottages\",\"isPartOf\":{\"@id\":\"https:\\\/\\\/balidivecenter.com\\\/#website\"},\"datePublished\":\"2022-03-29T09:13:00+00:00\",\"dateModified\":\"2022-03-30T03:28:59+00:00\",\"breadcrumb\":{\"@id\":\"https:\\\/\\\/balidivecenter.com\\\/cookie-richtlinie\\\/#breadcrumb\"},\"inLanguage\":\"en-GB\",\"potentialAction\":[{\"@type\":\"ReadAction\",\"target\":[\"https:\\\/\\\/balidivecenter.com\\\/cookie-richtlinie\\\/\"]}]},{\"@type\":\"BreadcrumbList\",\"@id\":\"https:\\\/\\\/balidivecenter.com\\\/cookie-richtlinie\\\/#breadcrumb\",\"itemListElement\":[{\"@type\":\"ListItem\",\"position\":1,\"name\":\"Startseite\",\"item\":\"https:\\\/\\\/balidivecenter.com\\\/\"},{\"@type\":\"ListItem\",\"position\":2,\"name\":\"Cookie-Richtlinie\"}]},{\"@type\":\"WebSite\",\"@id\":\"https:\\\/\\\/balidivecenter.com\\\/#website\",\"url\":\"https:\\\/\\\/balidivecenter.com\\\/\",\"name\":\"North Bali Dive Center &amp; Beach Cottages\",\"description\":\"Beste Tauchbasis in Bali\",\"publisher\":{\"@id\":\"https:\\\/\\\/balidivecenter.com\\\/#organization\"},\"potentialAction\":[{\"@type\":\"SearchAction\",\"target\":{\"@type\":\"EntryPoint\",\"urlTemplate\":\"https:\\\/\\\/balidivecenter.com\\\/?s={search_term_string}\"},\"query-input\":{\"@type\":\"PropertyValueSpecification\",\"valueRequired\":true,\"valueName\":\"search_term_string\"}}],\"inLanguage\":\"en-GB\"},{\"@type\":\"Organization\",\"@id\":\"https:\\\/\\\/balidivecenter.com\\\/#organization\",\"name\":\"North Bali Dive Center & Beach Cottages\",\"url\":\"https:\\\/\\\/balidivecenter.com\\\/\",\"logo\":{\"@type\":\"ImageObject\",\"inLanguage\":\"en-GB\",\"@id\":\"https:\\\/\\\/balidivecenter.com\\\/#\\\/schema\\\/logo\\\/image\\\/\",\"url\":\"https:\\\/\\\/balidivecenter.com\\\/wp-content\\\/uploads\\\/2022\\\/02\\\/logo-360x101px-2.png\",\"contentUrl\":\"https:\\\/\\\/balidivecenter.com\\\/wp-content\\\/uploads\\\/2022\\\/02\\\/logo-360x101px-2.png\",\"width\":360,\"height\":101,\"caption\":\"North Bali Dive Center & Beach Cottages\"},\"image\":{\"@id\":\"https:\\\/\\\/balidivecenter.com\\\/#\\\/schema\\\/logo\\\/image\\\/\"},\"sameAs\":[\"https:\\\/\\\/www.facebook.com\\\/balidivecenter\",\"https:\\\/\\\/www.instagram.com\\\/balidivecenter\\\/\"]}]}<\/script>\n<!-- \/ Yoast SEO plugin. -->","yoast_head_json":{"title":"Cookie-Richtlinie - North Bali Dive Center &amp; Beach Cottages","robots":{"index":"noindex","follow":"nofollow"},"og_locale":"en_GB","og_type":"article","og_title":"Cookie-Richtlinie - North Bali Dive Center &amp; Beach Cottages","og_url":"https:\/\/balidivecenter.com\/en\/cookie-richtlinie\/","og_site_name":"North Bali Dive Center &amp; Beach Cottages","article_publisher":"https:\/\/www.facebook.com\/balidivecenter","article_modified_time":"2022-03-30T03:28:59+00:00","twitter_card":"summary_large_image","twitter_misc":{"Estimated reading time":"4 minutes"},"schema":{"@context":"https:\/\/schema.org","@graph":[{"@type":"WebPage","@id":"https:\/\/balidivecenter.com\/cookie-richtlinie\/","url":"https:\/\/balidivecenter.com\/cookie-richtlinie\/","name":"Cookie-Richtlinie - North Bali Dive Center &amp; Beach Cottages","isPartOf":{"@id":"https:\/\/balidivecenter.com\/#website"},"datePublished":"2022-03-29T09:13:00+00:00","dateModified":"2022-03-30T03:28:59+00:00","breadcrumb":{"@id":"https:\/\/balidivecenter.com\/cookie-richtlinie\/#breadcrumb"},"inLanguage":"en-GB","potentialAction":[{"@type":"ReadAction","target":["https:\/\/balidivecenter.com\/cookie-richtlinie\/"]}]},{"@type":"BreadcrumbList","@id":"https:\/\/balidivecenter.com\/cookie-richtlinie\/#breadcrumb","itemListElement":[{"@type":"ListItem","position":1,"name":"Startseite","item":"https:\/\/balidivecenter.com\/"},{"@type":"ListItem","position":2,"name":"Cookie-Richtlinie"}]},{"@type":"WebSite","@id":"https:\/\/balidivecenter.com\/#website","url":"https:\/\/balidivecenter.com\/","name":"North Bali Dive Center &amp; Beach Cottages","description":"Beste Tauchbasis in Bali","publisher":{"@id":"https:\/\/balidivecenter.com\/#organization"},"potentialAction":[{"@type":"SearchAction","target":{"@type":"EntryPoint","urlTemplate":"https:\/\/balidivecenter.com\/?s={search_term_string}"},"query-input":{"@type":"PropertyValueSpecification","valueRequired":true,"valueName":"search_term_string"}}],"inLanguage":"en-GB"},{"@type":"Organization","@id":"https:\/\/balidivecenter.com\/#organization","name":"North Bali Dive Center & Beach Cottages","url":"https:\/\/balidivecenter.com\/","logo":{"@type":"ImageObject","inLanguage":"en-GB","@id":"https:\/\/balidivecenter.com\/#\/schema\/logo\/image\/","url":"https:\/\/balidivecenter.com\/wp-content\/uploads\/2022\/02\/logo-360x101px-2.png","contentUrl":"https:\/\/balidivecenter.com\/wp-content\/uploads\/2022\/02\/logo-360x101px-2.png","width":360,"height":101,"caption":"North Bali Dive Center & Beach Cottages"},"image":{"@id":"https:\/\/balidivecenter.com\/#\/schema\/logo\/image\/"},"sameAs":["https:\/\/www.facebook.com\/balidivecenter","https:\/\/www.instagram.com\/balidivecenter\/"]}]}},"_links":{"self":[{"href":"https:\/\/balidivecenter.com\/en\/wp-json\/wp\/v2\/pages\/1704","targetHints":{"allow":["GET"]}}],"collection":[{"href":"https:\/\/balidivecenter.com\/en\/wp-json\/wp\/v2\/pages"}],"about":[{"href":"https:\/\/balidivecenter.com\/en\/wp-json\/wp\/v2\/types\/page"}],"author":[{"embeddable":true,"href":"https:\/\/balidivecenter.com\/en\/wp-json\/wp\/v2\/users\/1"}],"replies":[{"embeddable":true,"href":"https:\/\/balidivecenter.com\/en\/wp-json\/wp\/v2\/comments?post=1704"}],"version-history":[{"count":0,"href":"https:\/\/balidivecenter.com\/en\/wp-json\/wp\/v2\/pages\/1704\/revisions"}],"wp:attachment":[{"href":"https:\/\/balidivecenter.com\/en\/wp-json\/wp\/v2\/media?parent=1704"}],"curies":[{"name":"wp","href":"https:\/\/api.w.org\/{rel}","templated":true}]}}